{"id":5472,"date":"2017-08-08T09:00:02","date_gmt":"2017-08-08T07:00:02","guid":{"rendered":"https:\/\/pofo.themezaa.com\/?page_id=5472"},"modified":"2022-11-22T14:22:31","modified_gmt":"2022-11-22T13:22:31","slug":"blog","status":"publish","type":"page","link":"https:\/\/progettosud.org\/it\/blog\/","title":{"rendered":"News"},"content":{"rendered":"<section class=\"vc_row wpb_row vc_row-fluid  vc_custom_1666373470096 pofo-row-responsive-69e3c61816a1f\"><div class=\"wpb_column vc_column_container vc_col-sm-12  col-xs-mobile-fullwidth\"><div class=\"vc_column-inner vc_custom_1507637008692\"><div class=\"wpb_wrapper\"><div class=\"pofo-blog-list\"><div class=\"post-24403 post type-post status-publish format-standard has-post-thumbnail hentry category-lavora-con-noi category-news-events\"><div class=\"blog-post blog-post-content margin-60px-bottom padding-60px-bottom border-bottom sm-no-border-bottom border-color-extra-light-gray sm-margin-30px-bottom sm-padding-30px-bottom xs-text-center pull-left width-100 blog-style3-1\"><div class=\"blog-image col-md-5 no-padding sm-margin-30px-bottom xs-margin-20px-bottom margin-30px-right sm-no-margin-right sm-width-100\"><a href=\"https:\/\/progettosud.org\/it\/2026\/04\/02\/selection-notice-administrative-and-financial-officer-ukraine\/\"><img loading=\"lazy\" decoding=\"async\" width=\"818\" height=\"365\" src=\"https:\/\/progettosud.org\/wp-content\/uploads\/2025\/09\/prosud.jpg\" class=\"attachment-full size-full wp-post-image\" alt=\"\" title=\"\" srcset=\"https:\/\/progettosud.org\/wp-content\/uploads\/2025\/09\/prosud.jpg 818w, https:\/\/progettosud.org\/wp-content\/uploads\/2025\/09\/prosud-300x134.jpg 300w, https:\/\/progettosud.org\/wp-content\/uploads\/2025\/09\/prosud-768x343.jpg 768w, https:\/\/progettosud.org\/wp-content\/uploads\/2025\/09\/prosud-120x54.jpg 120w, https:\/\/progettosud.org\/wp-content\/uploads\/2025\/09\/prosud-81x36.jpg 81w\" sizes=\"auto, (max-width: 818px) 100vw, 818px\" \/><\/a><\/div><div class=\"blog-text col-md-6 display-table no-padding sm-width-100\"><div class=\"display-table-cell vertical-align-middle\"><div class=\"content sm-no-padding-left \"><a class=\"text-extra-dark-gray margin-5px-bottom alt-font text-extra-large font-weight-600 display-inline-block entry-title text-uppercase\" href=\"https:\/\/progettosud.org\/it\/2026\/04\/02\/selection-notice-administrative-and-financial-officer-ukraine\/\">SELECTION NOTICE &#8211; Administrative and Financial Officer (Ukraine)<\/a><div class=\"text-medium-gray text-extra-small margin-15px-bottom alt-font text-uppercase\"><span class=\"pofo-blog-post-meta text-extra-small text-medium-gray display-inline-block published vertical-align-middle\">02 Aprile 2026<\/span><time class=\"updated display-none\" datetime=\"2026-04-02T18:59:06+02:00\">02 Aprile 2026<\/time><span class=\"blog-separator vertical-align-middle\">|<\/span><a href=\"https:\/\/progettosud.org\/it\/category\/lavora-con-noi\/\" class=\"text-medium-gray text-extra-small vertical-align-middle display-inline-block pofo-blog-post-meta\" rel=\"category tag\">lavora con noi<\/a>, <a href=\"https:\/\/progettosud.org\/it\/category\/lavora-con-noi\/\" class=\"text-medium-gray text-extra-small vertical-align-middle display-inline-block pofo-blog-post-meta\" rel=\"category tag\">lavora con noi<\/a>, <a href=\"https:\/\/progettosud.org\/it\/category\/news-events\/\" class=\"text-medium-gray text-extra-small vertical-align-middle display-inline-block pofo-blog-post-meta\" rel=\"category tag\">News &amp; Events<\/a>, <a href=\"https:\/\/progettosud.org\/it\/category\/news-events\/\" class=\"text-medium-gray text-extra-small vertical-align-middle display-inline-block pofo-blog-post-meta\" rel=\"category tag\">News &amp; Events<\/a>, <a href=\"https:\/\/progettosud.org\/it\/category\/news-events\/\" class=\"text-medium-gray text-extra-small vertical-align-middle display-inline-block pofo-blog-post-meta\" rel=\"category tag\">News &amp; Events<\/a>, <a href=\"https:\/\/progettosud.org\/it\/category\/news-events\/\" class=\"text-medium-gray text-extra-small vertical-align-middle display-inline-block pofo-blog-post-meta\" rel=\"category tag\">News &amp; Events<\/a><\/div><div class=\"no-margin entry-content\">NEXT UA PROJECT (AID 013244\/10\/6) Subject: Selection notice for one Administrative and Financial Officer for the project NEXT UA (AID 013244\/10\/6), funded by the Italian Agency for Development Cooperation (AICS). \u00a01. Context Progetto Sud ETS (www.progettosud.org) is an Italian non-profit organization engaged in international cooperation and social development initiatives. It...<\/div><div class=\"pofo-blog-post-meta blog-like-comment margin-15px-top sm-margin-15px-top alt-font text-uppercase\"><a href=\"https:\/\/progettosud.org\/wp-admin\/admin-ajax.php?action=process_simple_like&nonce=d46d0ff212&post_id=24403&disabled=true&is_comment=0\" class=\"sl-button blog-like sl-button-24403\" data-nonce=\"d46d0ff212\" data-post-id=\"24403\" data-iscomment=\"0\" title=\"Like\"><i class=\"far fa-heart\"><\/i><span>1<\/span> <span class=\"posts-like\">Likes<\/span><\/a><\/div><\/div><\/div><\/div><\/div><\/div><div class=\"post-24374 post type-post status-publish format-standard has-post-thumbnail hentry\"><div class=\"blog-post blog-post-content margin-60px-bottom padding-60px-bottom border-bottom sm-no-border-bottom border-color-extra-light-gray sm-margin-30px-bottom sm-padding-30px-bottom xs-text-center pull-left width-100 blog-style3-2\"><div class=\"blog-image col-md-5 no-padding sm-margin-30px-bottom xs-margin-20px-bottom margin-30px-right sm-no-margin-right sm-width-100\"><a href=\"https:\/\/progettosud.org\/it\/2026\/02\/18\/call-for-interest-avviso-di-selezione-valutatore-trice-esterno-a\/\"><img loading=\"lazy\" decoding=\"async\" width=\"818\" height=\"365\" src=\"https:\/\/progettosud.org\/wp-content\/uploads\/2025\/09\/prosud.jpg\" class=\"attachment-full size-full wp-post-image\" alt=\"\" title=\"\" srcset=\"https:\/\/progettosud.org\/wp-content\/uploads\/2025\/09\/prosud.jpg 818w, https:\/\/progettosud.org\/wp-content\/uploads\/2025\/09\/prosud-300x134.jpg 300w, https:\/\/progettosud.org\/wp-content\/uploads\/2025\/09\/prosud-768x343.jpg 768w, https:\/\/progettosud.org\/wp-content\/uploads\/2025\/09\/prosud-120x54.jpg 120w, https:\/\/progettosud.org\/wp-content\/uploads\/2025\/09\/prosud-81x36.jpg 81w\" sizes=\"auto, (max-width: 818px) 100vw, 818px\" \/><\/a><\/div><div class=\"blog-text col-md-6 display-table no-padding sm-width-100\"><div class=\"display-table-cell vertical-align-middle\"><div class=\"content sm-no-padding-left \"><a class=\"text-extra-dark-gray margin-5px-bottom alt-font text-extra-large font-weight-600 display-inline-block entry-title text-uppercase\" href=\"https:\/\/progettosud.org\/it\/2026\/02\/18\/call-for-interest-avviso-di-selezione-valutatore-trice-esterno-a\/\">CALL FOR INTEREST \u2013 Avviso di selezione Valutatore\/trice Esterno\/a<\/a><div class=\"text-medium-gray text-extra-small margin-15px-bottom alt-font text-uppercase\"><span class=\"pofo-blog-post-meta text-extra-small text-medium-gray display-inline-block published vertical-align-middle\">18 Febbraio 2026<\/span><time class=\"updated display-none\" datetime=\"2026-02-18T10:26:31+01:00\">18 Febbraio 2026<\/time><\/div><div class=\"no-margin entry-content\">Oggetto: Avviso per la selezione di un\/una Valutatore\/trice Esterno\/a per progetto \u201cSupport ERI: Capacity building actions aimed at promoting sustainable job opportunities for vulnerable youth and women in Eritrea\u201d NDICI CSO\/2023\/452-732 - finanziato dalla Commissione Europea. 1. Informazioni Generali sul Progetto \u201cSupport ERI\u201d Durata del progetto: 24 + 3 mesi...<\/div><div class=\"pofo-blog-post-meta blog-like-comment margin-15px-top sm-margin-15px-top alt-font text-uppercase\"><a href=\"https:\/\/progettosud.org\/wp-admin\/admin-ajax.php?action=process_simple_like&nonce=d46d0ff212&post_id=24374&disabled=true&is_comment=0\" class=\"sl-button blog-like sl-button-24374\" data-nonce=\"d46d0ff212\" data-post-id=\"24374\" data-iscomment=\"0\" title=\"Like\"><i class=\"far fa-heart\"><\/i><span>4<\/span> <span class=\"posts-like\">Likes<\/span><\/a><\/div><\/div><\/div><\/div><\/div><\/div><div class=\"post-24350 post type-post status-publish format-standard has-post-thumbnail hentry\"><div class=\"blog-post blog-post-content margin-60px-bottom padding-60px-bottom border-bottom sm-no-border-bottom border-color-extra-light-gray sm-margin-30px-bottom sm-padding-30px-bottom xs-text-center pull-left width-100 blog-style3-3\"><div class=\"blog-image col-md-5 no-padding sm-margin-30px-bottom xs-margin-20px-bottom margin-30px-right sm-no-margin-right sm-width-100\"><a href=\"https:\/\/progettosud.org\/it\/2025\/11\/20\/la-mobile-medical-unit-prosegue-la-sua-operativita-nelle-comunita-piu-vulnerabili-della-giordania-nellambito-del-progetto-s-a-h-a-co-finanziato-da-fondazione-prosolidar\/\"><img loading=\"lazy\" decoding=\"async\" width=\"1319\" height=\"717\" src=\"https:\/\/progettosud.org\/wp-content\/uploads\/2025\/11\/6.jpg\" class=\"attachment-full size-full wp-post-image\" alt=\"\" title=\"\" srcset=\"https:\/\/progettosud.org\/wp-content\/uploads\/2025\/11\/6.jpg 1319w, https:\/\/progettosud.org\/wp-content\/uploads\/2025\/11\/6-300x163.jpg 300w, https:\/\/progettosud.org\/wp-content\/uploads\/2025\/11\/6-1024x557.jpg 1024w, https:\/\/progettosud.org\/wp-content\/uploads\/2025\/11\/6-768x417.jpg 768w, https:\/\/progettosud.org\/wp-content\/uploads\/2025\/11\/6-1200x652.jpg 1200w, https:\/\/progettosud.org\/wp-content\/uploads\/2025\/11\/6-120x65.jpg 120w, https:\/\/progettosud.org\/wp-content\/uploads\/2025\/11\/6-81x44.jpg 81w\" sizes=\"auto, (max-width: 1319px) 100vw, 1319px\" \/><\/a><\/div><div class=\"blog-text col-md-6 display-table no-padding sm-width-100\"><div class=\"display-table-cell vertical-align-middle\"><div class=\"content sm-no-padding-left \"><a class=\"text-extra-dark-gray margin-5px-bottom alt-font text-extra-large font-weight-600 display-inline-block entry-title text-uppercase\" href=\"https:\/\/progettosud.org\/it\/2025\/11\/20\/la-mobile-medical-unit-prosegue-la-sua-operativita-nelle-comunita-piu-vulnerabili-della-giordania-nellambito-del-progetto-s-a-h-a-co-finanziato-da-fondazione-prosolidar\/\">La Mobile Medical Unit prosegue la sua operativit\u00e0 nelle comunit\u00e0 pi\u00f9 vulnerabili della Giordania nell&#8217;ambito del progetto S.A.H.A., co-finanziato da Fondazione Prosolidar!<\/a><div class=\"text-medium-gray text-extra-small margin-15px-bottom alt-font text-uppercase\"><span class=\"pofo-blog-post-meta text-extra-small text-medium-gray display-inline-block published vertical-align-middle\">20 Novembre 2025<\/span><time class=\"updated display-none\" datetime=\"2025-12-10T14:31:25+01:00\">10 Dicembre 2025<\/time><\/div><div class=\"no-margin entry-content\">La Mobile Medical Unit prosegue la sua operativit\u00e0 nelle comunit\u00e0 pi\u00f9 vulnerabili della Giordania nell'ambito del progetto S.A.H.A., co-finanziato da Fondazione Prosolidar! Il progetto, coordinato da da Progetto Sud ed in partenariato con Ordine di Malta e Johud \u0627\u0644\u0635\u0646\u062f\u0648\u0642 \u0627\u0644\u0623\u0631\u062f\u0646\u064a \u0627\u0644\u0647\u0627\u0634\u0645\u064a \u0644\u0644\u062a\u0646\u0645\u064a\u0629 \u0627\u0644\u0628\u0634\u0631\u064a\u0629, grazie alla nuova dotazione di attrezzature e...<\/div><div class=\"pofo-blog-post-meta blog-like-comment margin-15px-top sm-margin-15px-top alt-font text-uppercase\"><a href=\"https:\/\/progettosud.org\/wp-admin\/admin-ajax.php?action=process_simple_like&nonce=d46d0ff212&post_id=24350&disabled=true&is_comment=0\" class=\"sl-button blog-like sl-button-24350\" data-nonce=\"d46d0ff212\" data-post-id=\"24350\" data-iscomment=\"0\" title=\"Like\"><i class=\"far fa-heart\"><\/i><span>12<\/span> <span class=\"posts-like\">Likes<\/span><\/a><\/div><\/div><\/div><\/div><\/div><\/div><div class=\"post-24290 post type-post status-publish format-standard has-post-thumbnail hentry category-lavora-con-noi\"><div class=\"blog-post blog-post-content margin-60px-bottom padding-60px-bottom border-bottom sm-no-border-bottom border-color-extra-light-gray sm-margin-30px-bottom sm-padding-30px-bottom xs-text-center pull-left width-100 blog-style3-4\"><div class=\"blog-image col-md-5 no-padding sm-margin-30px-bottom xs-margin-20px-bottom margin-30px-right sm-no-margin-right sm-width-100\"><a href=\"https:\/\/progettosud.org\/it\/2025\/10\/09\/avviso-aggiudicazione-posizione-ricercatore-trice-in-ambito-giuridico-a-svolgere-attivita-di-ricerca\/\"><img loading=\"lazy\" decoding=\"async\" width=\"818\" height=\"365\" src=\"https:\/\/progettosud.org\/wp-content\/uploads\/2025\/09\/prosud.jpg\" class=\"attachment-full size-full wp-post-image\" alt=\"\" title=\"\" srcset=\"https:\/\/progettosud.org\/wp-content\/uploads\/2025\/09\/prosud.jpg 818w, https:\/\/progettosud.org\/wp-content\/uploads\/2025\/09\/prosud-300x134.jpg 300w, https:\/\/progettosud.org\/wp-content\/uploads\/2025\/09\/prosud-768x343.jpg 768w, https:\/\/progettosud.org\/wp-content\/uploads\/2025\/09\/prosud-120x54.jpg 120w, https:\/\/progettosud.org\/wp-content\/uploads\/2025\/09\/prosud-81x36.jpg 81w\" sizes=\"auto, (max-width: 818px) 100vw, 818px\" \/><\/a><\/div><div class=\"blog-text col-md-6 display-table no-padding sm-width-100\"><div class=\"display-table-cell vertical-align-middle\"><div class=\"content sm-no-padding-left \"><a class=\"text-extra-dark-gray margin-5px-bottom alt-font text-extra-large font-weight-600 display-inline-block entry-title text-uppercase\" href=\"https:\/\/progettosud.org\/it\/2025\/10\/09\/avviso-aggiudicazione-posizione-ricercatore-trice-in-ambito-giuridico-a-svolgere-attivita-di-ricerca\/\">Avviso Aggiudicazione Posizione Ricercatore\/trice in ambito Giuridico a svolgere attivit\u00e0 di ricerca<\/a><div class=\"text-medium-gray text-extra-small margin-15px-bottom alt-font text-uppercase\"><span class=\"pofo-blog-post-meta text-extra-small text-medium-gray display-inline-block published vertical-align-middle\">09 Ottobre 2025<\/span><time class=\"updated display-none\" datetime=\"2025-10-09T12:25:45+02:00\">09 Ottobre 2025<\/time><span class=\"blog-separator vertical-align-middle\">|<\/span><a href=\"https:\/\/progettosud.org\/it\/category\/lavora-con-noi\/\" class=\"text-medium-gray text-extra-small vertical-align-middle display-inline-block pofo-blog-post-meta\" rel=\"category tag\">lavora con noi<\/a><\/div><div class=\"no-margin entry-content\">Progetto: \u201cPromoci\u00f3n de los derechos digitales de los trabajadores y trabajadoras en Argentina a trav\u00e9s del fortalecimiento de las organizaciones sindicales y la democracia\u201d (NDICI HR INTPA\/2022\/175977-2\/28) Luogo di realizzazione del progetto: Buenos Aires (Argentina) Soggetto Esecutore: Fundaci\u00f3n UOCRA - FUNDACION UOCRA PARA LA EDUCACION DE LOS TRABAJADORES CONSTRUCTORES Donor:...<\/div><div class=\"pofo-blog-post-meta blog-like-comment margin-15px-top sm-margin-15px-top alt-font text-uppercase\"><a href=\"https:\/\/progettosud.org\/wp-admin\/admin-ajax.php?action=process_simple_like&nonce=d46d0ff212&post_id=24290&disabled=true&is_comment=0\" class=\"sl-button blog-like sl-button-24290\" data-nonce=\"d46d0ff212\" data-post-id=\"24290\" data-iscomment=\"0\" title=\"Like\"><i class=\"far fa-heart\"><\/i><span>16<\/span> <span class=\"posts-like\">Likes<\/span><\/a><\/div><\/div><\/div><\/div><\/div><\/div><div class=\" text-center margin-70px-top sm-margin-30px-top clear-both float-left width-100\"><div class=\"text-small text-uppercase text-extra-dark-gray pagination\"><span aria-current=\"page\" class=\"page-numbers current\">1<\/span>\n<a class=\"page-numbers\" href=\"https:\/\/progettosud.org\/it\/wp-json\/wp\/v2\/pages\/5472\/page\/2\/\">2<\/a>\n<a class=\"page-numbers\" href=\"https:\/\/progettosud.org\/it\/wp-json\/wp\/v2\/pages\/5472\/page\/3\/\">3<\/a>\n<span class=\"page-numbers dots\">&hellip;<\/span>\n<a class=\"page-numbers\" href=\"https:\/\/progettosud.org\/it\/wp-json\/wp\/v2\/pages\/5472\/page\/33\/\">33<\/a>\n<a class=\"page-numbers\" href=\"https:\/\/progettosud.org\/it\/wp-json\/wp\/v2\/pages\/5472\/page\/34\/\">34<\/a>\n<a class=\"next page-numbers\" href=\"https:\/\/progettosud.org\/it\/wp-json\/wp\/v2\/pages\/5472\/page\/2\/\"><span class=\"xs-display-none border-none\">Next<\/span> <i class=\"fas fa-long-arrow-alt-right margin-5px-left\"><\/i><\/a><\/div><\/div><\/div><\/div><\/div><\/div><\/section>\n","protected":false},"excerpt":{"rendered":"Progetto: \u201cPromoci\u00f3n de los derechos digitales de los trabajadores y trabajadoras en Argentina a trav\u00e9s del fortalecimiento de las organizaciones sindicales y la democracia\u201d (NDICI HR INTPA\/2022\/175977-2\/28) Luogo di realizzazione del progetto: Buenos Aires (Argentina) Soggetto Esecutore: Fundaci\u00f3n UOCRA - FUNDACION UOCRA PARA LA EDUCACION DE LOS TRABAJADORES CONSTRUCTORES Donor: Commissione Europea (DG-INTPA) Consorzio del progetto: Progetto Sud ETS; Central de Trabajadores Argentinos-Aut\u00f3noma (CTA-A); Instituto Sindical de Cooperaci\u00f3n al Desarrollo (ISCOD) Durata ordinaria del progetto: 36 mesi Ricercatore Selezionato: Avv. Silvia Tassotti Scarica il documento: Avviso di aggiudicazione_Ricerca ARG_Avv Silvia Tassotti","protected":false},"author":1,"featured_media":0,"parent":0,"menu_order":0,"comment_status":"closed","ping_status":"closed","template":"","meta":{"footnotes":""},"class_list":["post-5472","page","type-page","status-publish","hentry"],"yoast_head":"<!-- This site is optimized with the Yoast SEO plugin v26.1.1 - https:\/\/yoast.com\/wordpress\/plugins\/seo\/ -->\n<title>News - Progetto Sud - Istituto per la Cooperazione con i paesi in via di sviluppo<\/title>\n<meta name=\"robots\" content=\"index, follow, max-snippet:-1, max-image-preview:large, max-video-preview:-1\" \/>\n<link rel=\"canonical\" href=\"https:\/\/progettosud.org\/it\/blog\/\" \/>\n<meta property=\"og:locale\" content=\"it_IT\" \/>\n<meta property=\"og:type\" content=\"article\" \/>\n<meta property=\"og:title\" content=\"News - Progetto Sud - Istituto per la Cooperazione con i paesi in via di sviluppo\" \/>\n<meta property=\"og:url\" content=\"https:\/\/progettosud.org\/it\/blog\/\" \/>\n<meta property=\"og:site_name\" content=\"Progetto Sud - Istituto per la Cooperazione con i paesi in via di sviluppo\" \/>\n<meta property=\"article:modified_time\" content=\"2022-11-22T13:22:31+00:00\" \/>\n<meta name=\"twitter:card\" content=\"summary_large_image\" \/>\n<meta name=\"twitter:label1\" content=\"Tempo di lettura stimato\" \/>\n\t<meta name=\"twitter:data1\" content=\"1 minuto\" \/>\n<script type=\"application\/ld+json\" class=\"yoast-schema-graph\">{\"@context\":\"https:\/\/schema.org\",\"@graph\":[{\"@type\":\"WebPage\",\"@id\":\"https:\/\/progettosud.org\/it\/blog\/\",\"url\":\"https:\/\/progettosud.org\/it\/blog\/\",\"name\":\"News - Progetto Sud - Istituto per la Cooperazione con i paesi in via di sviluppo\",\"isPartOf\":{\"@id\":\"https:\/\/progettosud.org\/it\/#website\"},\"datePublished\":\"2017-08-08T07:00:02+00:00\",\"dateModified\":\"2022-11-22T13:22:31+00:00\",\"breadcrumb\":{\"@id\":\"https:\/\/progettosud.org\/it\/blog\/#breadcrumb\"},\"inLanguage\":\"it-IT\",\"potentialAction\":[{\"@type\":\"ReadAction\",\"target\":[\"https:\/\/progettosud.org\/it\/blog\/\"]}]},{\"@type\":\"BreadcrumbList\",\"@id\":\"https:\/\/progettosud.org\/it\/blog\/#breadcrumb\",\"itemListElement\":[{\"@type\":\"ListItem\",\"position\":1,\"name\":\"Home\",\"item\":\"https:\/\/progettosud.org\/it\/\"},{\"@type\":\"ListItem\",\"position\":2,\"name\":\"News\"}]},{\"@type\":\"WebSite\",\"@id\":\"https:\/\/progettosud.org\/it\/#website\",\"url\":\"https:\/\/progettosud.org\/it\/\",\"name\":\"Progetto Sud - Istituto per la Cooperazione con i paesi in via di sviluppo\",\"description\":\"Organizzazione Non Governativa, senza fini di lucro\",\"potentialAction\":[{\"@type\":\"SearchAction\",\"target\":{\"@type\":\"EntryPoint\",\"urlTemplate\":\"https:\/\/progettosud.org\/it\/?s={search_term_string}\"},\"query-input\":{\"@type\":\"PropertyValueSpecification\",\"valueRequired\":true,\"valueName\":\"search_term_string\"}}],\"inLanguage\":\"it-IT\"}]}<\/script>\n<!-- \/ Yoast SEO plugin. -->","yoast_head_json":{"title":"News - Progetto Sud - Istituto per la Cooperazione con i paesi in via di sviluppo","robots":{"index":"index","follow":"follow","max-snippet":"max-snippet:-1","max-image-preview":"max-image-preview:large","max-video-preview":"max-video-preview:-1"},"canonical":"https:\/\/progettosud.org\/it\/blog\/","og_locale":"it_IT","og_type":"article","og_title":"News - Progetto Sud - Istituto per la Cooperazione con i paesi in via di sviluppo","og_url":"https:\/\/progettosud.org\/it\/blog\/","og_site_name":"Progetto Sud - Istituto per la Cooperazione con i paesi in via di sviluppo","article_modified_time":"2022-11-22T13:22:31+00:00","twitter_card":"summary_large_image","twitter_misc":{"Tempo di lettura stimato":"1 minuto"},"schema":{"@context":"https:\/\/schema.org","@graph":[{"@type":"WebPage","@id":"https:\/\/progettosud.org\/it\/blog\/","url":"https:\/\/progettosud.org\/it\/blog\/","name":"News - Progetto Sud - Istituto per la Cooperazione con i paesi in via di sviluppo","isPartOf":{"@id":"https:\/\/progettosud.org\/it\/#website"},"datePublished":"2017-08-08T07:00:02+00:00","dateModified":"2022-11-22T13:22:31+00:00","breadcrumb":{"@id":"https:\/\/progettosud.org\/it\/blog\/#breadcrumb"},"inLanguage":"it-IT","potentialAction":[{"@type":"ReadAction","target":["https:\/\/progettosud.org\/it\/blog\/"]}]},{"@type":"BreadcrumbList","@id":"https:\/\/progettosud.org\/it\/blog\/#breadcrumb","itemListElement":[{"@type":"ListItem","position":1,"name":"Home","item":"https:\/\/progettosud.org\/it\/"},{"@type":"ListItem","position":2,"name":"News"}]},{"@type":"WebSite","@id":"https:\/\/progettosud.org\/it\/#website","url":"https:\/\/progettosud.org\/it\/","name":"Progetto Sud - Istituto per la Cooperazione con i paesi in via di sviluppo","description":"Organizzazione Non Governativa, senza fini di lucro","potentialAction":[{"@type":"SearchAction","target":{"@type":"EntryPoint","urlTemplate":"https:\/\/progettosud.org\/it\/?s={search_term_string}"},"query-input":{"@type":"PropertyValueSpecification","valueRequired":true,"valueName":"search_term_string"}}],"inLanguage":"it-IT"}]}},"_links":{"self":[{"href":"https:\/\/progettosud.org\/it\/wp-json\/wp\/v2\/pages\/5472","targetHints":{"allow":["GET"]}}],"collection":[{"href":"https:\/\/progettosud.org\/it\/wp-json\/wp\/v2\/pages"}],"about":[{"href":"https:\/\/progettosud.org\/it\/wp-json\/wp\/v2\/types\/page"}],"author":[{"embeddable":true,"href":"https:\/\/progettosud.org\/it\/wp-json\/wp\/v2\/users\/1"}],"replies":[{"embeddable":true,"href":"https:\/\/progettosud.org\/it\/wp-json\/wp\/v2\/comments?post=5472"}],"version-history":[{"count":11,"href":"https:\/\/progettosud.org\/it\/wp-json\/wp\/v2\/pages\/5472\/revisions"}],"predecessor-version":[{"id":23324,"href":"https:\/\/progettosud.org\/it\/wp-json\/wp\/v2\/pages\/5472\/revisions\/23324"}],"wp:attachment":[{"href":"https:\/\/progettosud.org\/it\/wp-json\/wp\/v2\/media?parent=5472"}],"curies":[{"name":"wp","href":"https:\/\/api.w.org\/{rel}","templated":true}]}}